{"id":67,"date":"2025-06-01T19:58:27","date_gmt":"2025-06-01T19:58:27","guid":{"rendered":"https:\/\/xolotl-el-ajolotito.digital-bussines.com\/?page_id=67"},"modified":"2025-06-01T20:46:17","modified_gmt":"2025-06-01T20:46:17","slug":"acerca-de-axolotl","status":"publish","type":"page","link":"https:\/\/xolotl-el-ajolotito.digital-bussines.com\/index.php\/acerca-de-axolotl\/","title":{"rendered":"Acerca de Axolotl"},"content":{"rendered":"\n<div style=\"height:100px\" aria-hidden=\"true\" class=\"wp-block-spacer\"><\/div>\n\n\n\n<p class=\"has-text-align-center\"><a href=\"https:\/\/xolotl-el-ajolotito.digital-bussines.com\/index.php\/aviso-de-privacidad\/\" data-type=\"page\" data-id=\"87\">Aviso de Privacidad.<\/a><\/p>\n\n\n\n<p class=\"has-text-align-center\"><a href=\"https:\/\/xolotl-el-ajolotito.digital-bussines.com\/index.php\/condiciones-de-venta\/\" data-type=\"page\" data-id=\"90\">Condiciones de Venta.<\/a><\/p>\n\n\n\n<p class=\"has-text-align-center\"><a href=\"https:\/\/xolotl-el-ajolotito.digital-bussines.com\/index.php\/politica-de-devolucion\/\" data-type=\"page\" data-id=\"93\">Pol\u00edtica de Devoluci\u00f3n.<\/a><\/p>\n\n\n\n<p class=\"has-text-align-center\"><a href=\"https:\/\/xolotl-el-ajolotito.digital-bussines.com\/index.php\/politica-de-uso-de-cookies\/\" data-type=\"page\" data-id=\"96\">Pol\u00edtica de Uso de Cookies.<\/a><\/p>\n\n\n\n<p class=\"has-text-align-center\"><a href=\"https:\/\/xolotl-el-ajolotito.digital-bussines.com\/index.php\/propiedad-intelectual-e-industrial\/\" data-type=\"page\" data-id=\"99\">Propiedad Intelectual e Industrial.<\/a><\/p>\n","protected":false},"excerpt":{"rendered":"<p>Aviso de Privacidad. Condiciones de Venta. Pol\u00edtica de Devoluci\u00f3n. Pol\u00edtica de Uso de Cookies. Propiedad Intelectual e Industrial.<\/p>\n","protected":false},"author":1,"featured_media":0,"parent":0,"menu_order":0,"comment_status":"closed","ping_status":"closed","template":"","meta":{"footnotes":""},"class_list":["post-67","page","type-page","status-publish","hentry"],"_links":{"self":[{"href":"https:\/\/xolotl-el-ajolotito.digital-bussines.com\/index.php\/wp-json\/wp\/v2\/pages\/67","targetHints":{"allow":["GET"]}}],"collection":[{"href":"https:\/\/xolotl-el-ajolotito.digital-bussines.com\/index.php\/wp-json\/wp\/v2\/pages"}],"about":[{"href":"https:\/\/xolotl-el-ajolotito.digital-bussines.com\/index.php\/wp-json\/wp\/v2\/types\/page"}],"author":[{"embeddable":true,"href":"https:\/\/xolotl-el-ajolotito.digital-bussines.com\/index.php\/wp-json\/wp\/v2\/users\/1"}],"replies":[{"embeddable":true,"href":"https:\/\/xolotl-el-ajolotito.digital-bussines.com\/index.php\/wp-json\/wp\/v2\/comments?post=67"}],"version-history":[{"count":15,"href":"https:\/\/xolotl-el-ajolotito.digital-bussines.com\/index.php\/wp-json\/wp\/v2\/pages\/67\/revisions"}],"predecessor-version":[{"id":101,"href":"https:\/\/xolotl-el-ajolotito.digital-bussines.com\/index.php\/wp-json\/wp\/v2\/pages\/67\/revisions\/101"}],"wp:attachment":[{"href":"https:\/\/xolotl-el-ajolotito.digital-bussines.com\/index.php\/wp-json\/wp\/v2\/media?parent=67"}],"curies":[{"name":"wp","href":"https:\/\/api.w.org\/{rel}","templated":true}]}}