{"id":87,"date":"2025-06-01T20:28:32","date_gmt":"2025-06-01T20:28:32","guid":{"rendered":"https:\/\/xolotl-el-ajolotito.digital-bussines.com\/?page_id=87"},"modified":"2025-06-05T04:26:43","modified_gmt":"2025-06-05T04:26:43","slug":"aviso-de-privacidad","status":"publish","type":"page","link":"https:\/\/xolotl-el-ajolotito.digital-bussines.com\/index.php\/aviso-de-privacidad\/","title":{"rendered":"Aviso de Privacidad."},"content":{"rendered":"\n<div style=\"height:100px\" aria-hidden=\"true\" class=\"wp-block-spacer\"><\/div>\n\n\n\n<p>Xolotl, con domicilio en Avenida felipe angeles 77-3 tizayuca hidalgo, codigo postal y correo electr\u00f3nico de contacto xolotltiza@gmail.com, es responsable sharif alejandro mujica acosta&nbsp; del tratamiento de los datos personales que nos proporciones a trav\u00e9s de nuestro sitio web o de otros medios digitales.<\/p>\n\n\n\n<p>1. Finalidad del tratamiento de datos<\/p>\n\n\n\n<p>Los datos personales que recabamos ser\u00e1n utilizados para las siguientes finalidades:<\/p>\n\n\n\n<ul class=\"wp-block-list\">\n<li>Procesar tus pedidos y gestionar entregas.<br><br><\/li>\n\n\n\n<li>Enviar notificaciones relacionadas con tus compras.<br><br><\/li>\n\n\n\n<li>Brindar atenci\u00f3n al cliente y soporte postventa.<br><br><\/li>\n\n\n\n<li>Enviar informaci\u00f3n promocional y novedades, en caso de que as\u00ed lo autorices.<br><br><\/li>\n\n\n\n<li>Cumplir con obligaciones legales aplicables.<br><br><\/li>\n<\/ul>\n\n\n\n<p>2. Datos que recopilamos<\/p>\n\n\n\n<p>Podemos solicitar los siguientes datos personales:<\/p>\n\n\n\n<ul class=\"wp-block-list\">\n<li>Nombre completo<br><br><\/li>\n\n\n\n<li>Correo electr\u00f3nico<br><br><\/li>\n\n\n\n<li>N\u00famero telef\u00f3nico<br><br><\/li>\n\n\n\n<li>Direcci\u00f3n de env\u00edo<br><br><\/li>\n\n\n\n<li>Informaci\u00f3n de pago (a trav\u00e9s de plataformas seguras como Mercado Pago o PayPal)<br><br><\/li>\n<\/ul>\n\n\n\n<p>3. Uso de cookies<\/p>\n\n\n\n<p>Utilizamos cookies propias y de terceros para mejorar tu experiencia en el sitio, tal como se detalla en nuestra [Pol\u00edtica de Cookies].<\/p>\n\n\n\n<p>4. Transferencia de datos<\/p>\n\n\n\n<p>Tus datos personales no ser\u00e1n compartidos ni transferidos a terceros, salvo en los casos legalmente previstos o cuando sea necesario para cumplir con los servicios contratados (por ejemplo, empresas de mensajer\u00eda).<\/p>\n\n\n\n<p>5. Ejercicio de derechos ARCO<\/p>\n\n\n\n<p>Tienes derecho a Acceder, Rectificar, Cancelar u Oponerte al tratamiento de tus datos personales (derechos ARCO), conforme a la legislaci\u00f3n aplicable. Para ejercer estos derechos, deber\u00e1s enviar una solicitud al correo electr\u00f3nico: xolotltiza@gmail.com.<\/p>\n\n\n\n<p>La solicitud deber\u00e1 contener:<\/p>\n\n\n\n<ul class=\"wp-block-list\">\n<li>Nombre completo del titular.<br><br><\/li>\n\n\n\n<li>Descripci\u00f3n clara de los datos a los que desea acceder, rectificar, cancelar u oponerse.<br><br><\/li>\n\n\n\n<li>Medio para comunicar la respuesta (correo electr\u00f3nico).<br><br><\/li>\n\n\n\n<li>Documentos que acrediten tu identidad o, en su caso, la representaci\u00f3n legal.<br><br><\/li>\n<\/ul>\n\n\n\n<p>6. Cambios al aviso de privacidad<\/p>\n\n\n\n<p>Xolotl se reserva el derecho de modificar este aviso de privacidad en cualquier momento. Las modificaciones estar\u00e1n disponibles en esta misma secci\u00f3n del sitio web.<\/p>\n","protected":false},"excerpt":{"rendered":"<p>Xolotl, con domicilio en Avenida felipe angeles 77-3 tizayuca hidalgo, codigo postal y correo electr\u00f3nico de contacto xolotltiza@gmail.com, es responsable sharif alejandro mujica acosta&nbsp; del tratamiento de los datos personales que nos proporciones a trav\u00e9s de nuestro sitio web o de otros medios digitales. 1. Finalidad del tratamiento de datos Los datos personales que recabamos [&hellip;]<\/p>\n","protected":false},"author":1,"featured_media":0,"parent":0,"menu_order":0,"comment_status":"closed","ping_status":"closed","template":"","meta":{"footnotes":""},"class_list":["post-87","page","type-page","status-publish","hentry"],"_links":{"self":[{"href":"https:\/\/xolotl-el-ajolotito.digital-bussines.com\/index.php\/wp-json\/wp\/v2\/pages\/87","targetHints":{"allow":["GET"]}}],"collection":[{"href":"https:\/\/xolotl-el-ajolotito.digital-bussines.com\/index.php\/wp-json\/wp\/v2\/pages"}],"about":[{"href":"https:\/\/xolotl-el-ajolotito.digital-bussines.com\/index.php\/wp-json\/wp\/v2\/types\/page"}],"author":[{"embeddable":true,"href":"https:\/\/xolotl-el-ajolotito.digital-bussines.com\/index.php\/wp-json\/wp\/v2\/users\/1"}],"replies":[{"embeddable":true,"href":"https:\/\/xolotl-el-ajolotito.digital-bussines.com\/index.php\/wp-json\/wp\/v2\/comments?post=87"}],"version-history":[{"count":2,"href":"https:\/\/xolotl-el-ajolotito.digital-bussines.com\/index.php\/wp-json\/wp\/v2\/pages\/87\/revisions"}],"predecessor-version":[{"id":112,"href":"https:\/\/xolotl-el-ajolotito.digital-bussines.com\/index.php\/wp-json\/wp\/v2\/pages\/87\/revisions\/112"}],"wp:attachment":[{"href":"https:\/\/xolotl-el-ajolotito.digital-bussines.com\/index.php\/wp-json\/wp\/v2\/media?parent=87"}],"curies":[{"name":"wp","href":"https:\/\/api.w.org\/{rel}","templated":true}]}}