{"id":96,"date":"2025-06-01T20:45:38","date_gmt":"2025-06-01T20:45:38","guid":{"rendered":"https:\/\/xolotl-el-ajolotito.digital-bussines.com\/?page_id=96"},"modified":"2025-06-05T04:41:13","modified_gmt":"2025-06-05T04:41:13","slug":"politica-de-uso-de-cookies","status":"publish","type":"page","link":"https:\/\/xolotl-el-ajolotito.digital-bussines.com\/index.php\/politica-de-uso-de-cookies\/","title":{"rendered":"Pol\u00edtica de Uso de Cookies."},"content":{"rendered":"\n<div style=\"height:100px\" aria-hidden=\"true\" class=\"wp-block-spacer\"><\/div>\n\n\n\n<h3 class=\"wp-block-heading\"><strong>C\u00f3mo usamos las cookies<\/strong><\/h3>\n\n\n\n<p>En <strong>Xolotl<\/strong>, nos comprometemos a garantizar la transparencia y protecci\u00f3n de los datos de nuestros usuarios. Con el fin de mejorar la experiencia de navegaci\u00f3n, optimizar el funcionamiento de nuestro sitio web y ofrecer contenidos personalizados, utilizamos cookies propias y de terceros.<\/p>\n\n\n\n<p>Te contamos para qu\u00e9 sirven:<\/p>\n\n\n\n<ul class=\"wp-block-list\">\n<li><strong>Cookies estrictamente necesarias:<\/strong> Estas cookies son fundamentales para el correcto funcionamiento del sitio. Permiten funciones b\u00e1sicas como la navegaci\u00f3n segura, el inicio de sesi\u00f3n, la autenticaci\u00f3n de usuarios, la gesti\u00f3n del carrito de compras y el proceso de pago.<br><br><\/li>\n\n\n\n<li><strong>Cookies de an\u00e1lisis:<\/strong> Recogen datos estad\u00edsticos de manera an\u00f3nima que nos ayudan a comprender c\u00f3mo interact\u00faan los usuarios con el sitio web, lo que nos permite mejorar continuamente su funcionalidad y usabilidad.<br><br><\/li>\n<\/ul>\n\n\n\n<h4 class=\"wp-block-heading\"><strong>\u00a0Gesti\u00f3n del consentimiento<\/strong><\/h4>\n\n\n\n<p>Al continuar navegando en nuestro sitio web, crear una cuenta o utilizar cualquiera de nuestros servicios, consientes el uso de cookies conforme a esta pol\u00edtica. En todo momento puedes modificar tus preferencias de cookies a trav\u00e9s de la configuraci\u00f3n de tu navegador o rechazar aquellas que no sean estrictamente necesarias.<\/p>\n\n\n\n<p>Para conocer m\u00e1s detalles sobre c\u00f3mo tratamos tus datos personales y los mecanismos de protecci\u00f3n que aplicamos, te invitamos a consultar nuestra [Pol\u00edtica de Privacidad] y nuestro [Aviso Legal].<\/p>\n","protected":false},"excerpt":{"rendered":"<p>C\u00f3mo usamos las cookies En Xolotl, nos comprometemos a garantizar la transparencia y protecci\u00f3n de los datos de nuestros usuarios. Con el fin de mejorar la experiencia de navegaci\u00f3n, optimizar el funcionamiento de nuestro sitio web y ofrecer contenidos personalizados, utilizamos cookies propias y de terceros. Te contamos para qu\u00e9 sirven: \u00a0Gesti\u00f3n del consentimiento Al [&hellip;]<\/p>\n","protected":false},"author":1,"featured_media":0,"parent":0,"menu_order":0,"comment_status":"closed","ping_status":"closed","template":"","meta":{"footnotes":""},"class_list":["post-96","page","type-page","status-publish","hentry"],"_links":{"self":[{"href":"https:\/\/xolotl-el-ajolotito.digital-bussines.com\/index.php\/wp-json\/wp\/v2\/pages\/96","targetHints":{"allow":["GET"]}}],"collection":[{"href":"https:\/\/xolotl-el-ajolotito.digital-bussines.com\/index.php\/wp-json\/wp\/v2\/pages"}],"about":[{"href":"https:\/\/xolotl-el-ajolotito.digital-bussines.com\/index.php\/wp-json\/wp\/v2\/types\/page"}],"author":[{"embeddable":true,"href":"https:\/\/xolotl-el-ajolotito.digital-bussines.com\/index.php\/wp-json\/wp\/v2\/users\/1"}],"replies":[{"embeddable":true,"href":"https:\/\/xolotl-el-ajolotito.digital-bussines.com\/index.php\/wp-json\/wp\/v2\/comments?post=96"}],"version-history":[{"count":2,"href":"https:\/\/xolotl-el-ajolotito.digital-bussines.com\/index.php\/wp-json\/wp\/v2\/pages\/96\/revisions"}],"predecessor-version":[{"id":119,"href":"https:\/\/xolotl-el-ajolotito.digital-bussines.com\/index.php\/wp-json\/wp\/v2\/pages\/96\/revisions\/119"}],"wp:attachment":[{"href":"https:\/\/xolotl-el-ajolotito.digital-bussines.com\/index.php\/wp-json\/wp\/v2\/media?parent=96"}],"curies":[{"name":"wp","href":"https:\/\/api.w.org\/{rel}","templated":true}]}}