{"id":99,"date":"2025-06-01T20:46:01","date_gmt":"2025-06-01T20:46:01","guid":{"rendered":"https:\/\/xolotl-el-ajolotito.digital-bussines.com\/?page_id=99"},"modified":"2025-06-05T04:43:31","modified_gmt":"2025-06-05T04:43:31","slug":"propiedad-intelectual-e-industrial","status":"publish","type":"page","link":"https:\/\/xolotl-el-ajolotito.digital-bussines.com\/index.php\/propiedad-intelectual-e-industrial\/","title":{"rendered":"Propiedad Intelectual e Industrial."},"content":{"rendered":"\n<div style=\"height:100px\" aria-hidden=\"true\" class=\"wp-block-spacer\"><\/div>\n\n\n\n<p>Todo el contenido de este sitio web, incluyendo textos, im\u00e1genes, logotipos, dise\u00f1o gr\u00e1fico, nombres comerciales, y c\u00f3digo fuente, est\u00e1 protegido por derechos de autor y propiedad industrial conforme a la legislaci\u00f3n mexicana vigente.<\/p>\n\n\n\n<p>El nombre, logotipo y elementos distintivos de nuestra tienda son propiedad de Xolotl. Queda estrictamente prohibido su uso no autorizado.<\/p>\n\n\n\n<p>Cualquier reproducci\u00f3n, distribuci\u00f3n o uso indebido del contenido sin consentimiento expl\u00edcito ser\u00e1 sancionado conforme a la Ley Federal del Derecho de Autor y la Ley de la Propiedad Industrial.<\/p>\n","protected":false},"excerpt":{"rendered":"<p>Todo el contenido de este sitio web, incluyendo textos, im\u00e1genes, logotipos, dise\u00f1o gr\u00e1fico, nombres comerciales, y c\u00f3digo fuente, est\u00e1 protegido por derechos de autor y propiedad industrial conforme a la legislaci\u00f3n mexicana vigente. El nombre, logotipo y elementos distintivos de nuestra tienda son propiedad de Xolotl. Queda estrictamente prohibido su uso no autorizado. Cualquier reproducci\u00f3n, [&hellip;]<\/p>\n","protected":false},"author":1,"featured_media":0,"parent":0,"menu_order":0,"comment_status":"closed","ping_status":"closed","template":"","meta":{"footnotes":""},"class_list":["post-99","page","type-page","status-publish","hentry"],"_links":{"self":[{"href":"https:\/\/xolotl-el-ajolotito.digital-bussines.com\/index.php\/wp-json\/wp\/v2\/pages\/99","targetHints":{"allow":["GET"]}}],"collection":[{"href":"https:\/\/xolotl-el-ajolotito.digital-bussines.com\/index.php\/wp-json\/wp\/v2\/pages"}],"about":[{"href":"https:\/\/xolotl-el-ajolotito.digital-bussines.com\/index.php\/wp-json\/wp\/v2\/types\/page"}],"author":[{"embeddable":true,"href":"https:\/\/xolotl-el-ajolotito.digital-bussines.com\/index.php\/wp-json\/wp\/v2\/users\/1"}],"replies":[{"embeddable":true,"href":"https:\/\/xolotl-el-ajolotito.digital-bussines.com\/index.php\/wp-json\/wp\/v2\/comments?post=99"}],"version-history":[{"count":2,"href":"https:\/\/xolotl-el-ajolotito.digital-bussines.com\/index.php\/wp-json\/wp\/v2\/pages\/99\/revisions"}],"predecessor-version":[{"id":120,"href":"https:\/\/xolotl-el-ajolotito.digital-bussines.com\/index.php\/wp-json\/wp\/v2\/pages\/99\/revisions\/120"}],"wp:attachment":[{"href":"https:\/\/xolotl-el-ajolotito.digital-bussines.com\/index.php\/wp-json\/wp\/v2\/media?parent=99"}],"curies":[{"name":"wp","href":"https:\/\/api.w.org\/{rel}","templated":true}]}}